{"id":208,"date":"2023-05-09T17:17:06","date_gmt":"2023-05-09T15:17:06","guid":{"rendered":"https:\/\/www.starboatsibiza.com\/?page_id=208"},"modified":"2023-05-09T17:17:06","modified_gmt":"2023-05-09T15:17:06","slug":"aviso-legal","status":"publish","type":"page","link":"https:\/\/www.starboatsibiza.com\/es\/aviso-legal\/","title":{"rendered":"Aviso legal"},"content":{"rendered":"[vc_row type=\u00bbin_container\u00bb full_screen_row_position=\u00bbmiddle\u00bb column_margin=\u00bbdefault\u00bb column_direction=\u00bbdefault\u00bb column_direction_tablet=\u00bbdefault\u00bb column_direction_phone=\u00bbdefault\u00bb scene_position=\u00bbcenter\u00bb top_padding=\u00bb50&#8243; text_color=\u00bbdark\u00bb text_align=\u00bbleft\u00bb row_border_radius=\u00bbnone\u00bb row_border_radius_applies=\u00bbbg\u00bb overflow=\u00bbvisible\u00bb overlay_strength=\u00bb0.3&#8243; gradient_direction=\u00bbleft_to_right\u00bb shape_divider_position=\u00bbbottom\u00bb bg_image_animation=\u00bbnone\u00bb gradient_type=\u00bbdefault\u00bb shape_type=\u00bb\u00bb][vc_column column_padding=\u00bbno-extra-padding\u00bb column_padding_tablet=\u00bbinherit\u00bb column_padding_phone=\u00bbinherit\u00bb column_padding_position=\u00bball\u00bb column_element_direction_desktop=\u00bbdefault\u00bb column_element_spacing=\u00bbdefault\u00bb desktop_text_alignment=\u00bbdefault\u00bb tablet_text_alignment=\u00bbdefault\u00bb phone_text_alignment=\u00bbdefault\u00bb background_color_opacity=\u00bb1&#8243; background_hover_color_opacity=\u00bb1&#8243; column_backdrop_filter=\u00bbnone\u00bb column_shadow=\u00bbnone\u00bb column_border_radius=\u00bbnone\u00bb column_link_target=\u00bb_self\u00bb column_position=\u00bbdefault\u00bb gradient_direction=\u00bbleft_to_right\u00bb overlay_strength=\u00bb0.3&#8243; width=\u00bb1\/1&#8243; tablet_width_inherit=\u00bbdefault\u00bb animation_type=\u00bbdefault\u00bb bg_image_animation=\u00bbnone\u00bb border_type=\u00bbsimple\u00bb column_border_width=\u00bbnone\u00bb column_border_style=\u00bbsolid\u00bb][vc_custom_heading source=\u00bbpost_title\u00bb font_container=\u00bbtag:h1|text_align:left\u00bb use_theme_fonts=\u00bbyes\u00bb css=\u00bb.vc_custom_1683645011297{padding-bottom: 20px !important;}\u00bb][vc_column_text el_class=\u00bbbtexto\u00bb]\n<p><strong>LEY DE LOS SERVICIOS DE LA SOCIEDAD DE LA INFORMACI\u00d3N (LSSI)<\/strong><\/p>\n<p> Capitan Harlock S.L., responsable del sitio web, en adelante RESPONSABLE,  pone a disposici\u00f3n de los usuarios el presente documento, con el que  pretende dar cumplimiento a las obligaciones dispuestas en la Ley  34\/2002, de 11 de julio, de Servicios de la Sociedad de la Informaci\u00f3n y  de Comercio Electr\u00f3nico (LSSICE), BOE N.o 166, as\u00ed como informar a  todos los usuarios del sitio web respecto a cu\u00e1les son las condiciones  de uso.<\/p>\n<p>Toda persona que acceda a este sitio web asume el papel de usuario,  comprometi\u00e9ndose a la observancia y cumplimiento riguroso de las  disposiciones aqu\u00ed dispuestas, as\u00ed como a cualquier otra disposici\u00f3n  legal que fuera de aplicaci\u00f3n.<\/p>\n<p> Capitan Harlock S.L. se reserva el derecho de modificar cualquier tipo de  informaci\u00f3n que pudiera aparecer en el sitio web, sin que exista  obligaci\u00f3n de preavisar o poner en conocimiento de los usuarios dichas  obligaciones, entendi\u00e9ndose como suficiente la publicaci\u00f3n en el sitio  web de  Capitan Harlock S.L..<\/p>\n<p><strong>1. DATOS IDENTIFICATIVOS<\/strong><\/p>\n<p>Nombre de dominio: https:\/\/www.starboatsibiza.com<br \/>Nombre comercial: STAR BOATS IBIZA<br \/>Denominaci\u00f3n social:  Capitan Harlock S.L.<br \/>CIF: B57198749 <br \/>Domicilio social: C\/ Murillo, placa 19007 &#8211; 07820 Sant Antoni de Portmany. Islas Baleares<br \/>Tel\u00e9fono: 670735390<br \/>e-mail: info@starboatsibiza.com<\/p>\n<p><strong>2. DERECHOS DE PROPIEDAD INTELECTUAL E INDUSTRIAL<\/strong><\/p>\n<p>El sitio web, incluyendo a t\u00edtulo enunciativo pero no limitativo su  programaci\u00f3n, edici\u00f3n, compilaci\u00f3n y dem\u00e1s elementos necesarios para su  funcionamiento, los dise\u00f1os, logotipos, texto y\/o gr\u00e1ficos, son  propiedad del RESPONSABLE o, si es el caso, dispone de licencia o  autorizaci\u00f3n expresa por parte de los autores. Todos los contenidos del  sitio web se encuentran debidamente protegidos por la normativa de  propiedad intelectual e industrial, as\u00ed como inscritos en los registros  p\u00fablicos correspondientes. Independientemente de la finalidad para la  que fueran destinados, la reproducci\u00f3n total o parcial, uso,  explotaci\u00f3n, distribuci\u00f3n y comercializaci\u00f3n, requiere en todo caso la  autorizaci\u00f3n escrita previa por parte del RESPONSABLE. Cualquier uso no  autorizado previamente se considera un incumplimiento grave de los  derechos de propiedad intelectual o industrial del autor.<\/p>\n<p>Los dise\u00f1os, logotipos, texto y\/o gr\u00e1ficos ajenos al RESPONSABLE y  que pudieran aparecer en el sitio web, pertenecen a sus respectivos  propietarios, siendo ellos mismos responsables de cualquier posible  controversia que pudiera suscitarse respecto a los mismos. El  RESPONSABLE autoriza expresamente a que terceros puedan redirigir  directamente a los contenidos concretos del sitio web, y en todo caso  redirigir al sitio web principal de https:\/\/www.starboatsibiza.com.<br \/>El RESPONSABLE reconoce a favor de sus titulares los correspondientes  derechos de propiedad intelectual e industrial, no implicando su sola  menci\u00f3n o aparici\u00f3n en el sitio web la existencia de derechos o  responsabilidad alguna sobre los mismos, como tampoco respaldo,  patrocinio o recomendaci\u00f3n por parte del mismo.<\/p>\n<p>Para realizar cualquier tipo de observaci\u00f3n respecto a posibles  incumplimientos de los derechos de propiedad intelectual o industrial,  as\u00ed como sobre cualquiera de los contenidos del sitio web, puede hacerlo  a trav\u00e9s del correo electr\u00f3nico info@starboatsibiza.com.<\/p>\n<p><strong>3. EXENCI\u00d3N DE RESPONSABILIDADES<\/strong><\/p>\n<p>El RESPONSABLE se exime de cualquier tipo de responsabilidad derivada  de la informaci\u00f3n publicada en su sitio web siempre que esta  informaci\u00f3n haya sido manipulada o introducida por un tercero ajeno al  mismo.<\/p>\n<p><strong>Uso de Cookies<\/strong><br \/>Este sitio web puede utilizar cookies t\u00e9cnicas (peque\u00f1os archivos de informaci\u00f3n que el servidor env\u00eda<br \/>al ordenador de quien accede a la p\u00e1gina) para llevar a cabo  determinadas funciones que son consideradas imprescindibles para el  correcto funcionamiento y visualizaci\u00f3n del sitio. Las cookies  utilizadas tienen, en todo caso, car\u00e1cter temporal, con la \u00fanica  finalidad de hacer m\u00e1s eficaz la navegaci\u00f3n, y desaparecen al terminar  la sesi\u00f3n del usuario. En ning\u00fan caso, estas cookies proporcionan por s\u00ed  mismas datos de car\u00e1cter personal y no se utilizar\u00e1n para la recogida  de los mismos.<br \/>Mediante el uso de cookies tambi\u00e9n es posible que el servidor donde se  encuentra la web reconozca el navegador utilizado por el usuario con la  finalidad de que la navegaci\u00f3n sea m\u00e1s sencilla, permitiendo, por  ejemplo, el acceso de los usuarios que se hayan registrado previamente a  las \u00e1reas, servicios, promociones o concursos reservados exclusivamente  a ellos sin tener que registrarse en cada visita. Tambi\u00e9n se pueden  utilizar para medir la audiencia, par\u00e1metros de tr\u00e1fico, controlar el  progreso y n\u00famero de entradas, etc., siendo en estos casos cookies  prescindibles t\u00e9cnicamente, pero beneficiosas para el usuario. Este  sitio web no instalar\u00e1 cookies prescindibles sin el consentimiento  previo del usuario.<\/p>\n<p>Este sitio web utiliza cookies propias y de terceros para fines  anal\u00edticos y para mostrarle publicidad personalizada en base a un perfil  elaborado a partir de sus h\u00e1bitos de navegaci\u00f3n (por ejemplo, p\u00e1ginas  visitadas). A todo usuario que visita la web se le informa del uso de  estas cookies mediante un banner flotante. En el caso de aceptar su uso,  el banner desaparecer\u00e1, aunque en todo momento podr\u00e1 revocar el  consentimiento y obtener m\u00e1s informaci\u00f3n consultando nuestra Pol\u00edtica de  cookies.<\/p>\n<p>El usuario tiene la posibilidad de configurar su navegador para ser  alertado de la recepci\u00f3n de cookies y para impedir su instalaci\u00f3n en su  equipo. Por favor, consulte las instrucciones de su navegador para  ampliar esta informaci\u00f3n.<\/p>\n<p><strong>Pol\u00edtica de enlaces<\/strong><br \/>Desde el sitio web, es posible que se redirija a contenidos de terceros  sitios web. Dado que el RESPONSABLE no puede controlar siempre los  contenidos introducidos por terceros en sus respectivos sitios web, no  asume ning\u00fan tipo de responsabilidad respecto a dichos contenidos. En  todo caso, proceder\u00e1 a la retirada inmediata de cualquier contenido que  pudiera contravenir la legislaci\u00f3n nacional o internacional, la moral o  el orden p\u00fablico, procediendo a la retirada inmediata de la redirecci\u00f3n a  dicho sitio web, poniendo en conocimiento de las autoridades  competentes el contenido en cuesti\u00f3n.<\/p>\n<p>El RESPONSABLE no se hace responsable de la informaci\u00f3n y contenidos  almacenados, a t\u00edtulo enunciativo pero no limitativo, en foros, chats,  generadores de blogs, comentarios, redes sociales o cualquier otro medio  que permita a terceros publicar contenidos de forma independiente en la  p\u00e1gina web del RESPONSABLE. Sin embargo, y en cumplimiento de lo  dispuesto en los art\u00edculos 11 y 16 de la LSSICE, se pone a disposici\u00f3n  de todos los usuarios, autoridades y fuerzas de seguridad, colaborando  de forma activa en la retirada o, en su caso, bloqueo de todos aquellos  contenidos que puedan afectar o contravenir la legislaci\u00f3n nacional o  internacional, los derechos de terceros o la moral y el orden p\u00fablico.  En caso de que el usuario considere que existe en el sitio web alg\u00fan  contenido que pudiera ser susceptible de esta clasificaci\u00f3n, se ruega lo  notifique de forma inmediata al administrador del sitio web.<br \/>Este sitio web se ha revisado y probado para que funcione correctamente.  En principio, puede garantizarse el correcto funcionamiento los 365  d\u00edas del a\u00f1o, 24 horas al d\u00eda. Sin embargo, el RESPONSABLE no descarta  la posibilidad de que existan ciertos errores de programaci\u00f3n, o que  acontezcan causas de fuerza mayor, cat\u00e1strofes naturales, huelgas o  circunstancias semejantes que hagan imposible el acceso a la p\u00e1gina web.<br \/>Este sitio web se ha revisado y probado para que funcione correctamente.  En principio, puede garantizarse el correcto funcionamiento los 365  d\u00edas del a\u00f1o, 24 horas al d\u00eda. Sin embargo, el RESPONSABLE no descarta  la posibilidad de que existan ciertos errores de programaci\u00f3n, o que  acontezcan causas de fuerza mayor, cat\u00e1strofes naturales, huelgas o  circunstancias semejantes que hagan imposible el acceso a la p\u00e1gina web.<\/p>\n<p><strong>Direcciones IP<\/strong><br \/>Los servidores del sitio web podr\u00e1n detectar de manera autom\u00e1tica la  direcci\u00f3n IP y el nombre de dominio utilizados por el usuario. Una  direcci\u00f3n IP es un n\u00famero asignado autom\u00e1ticamente a un ordenador cuando  este se conecta a Internet. Toda esta informaci\u00f3n se registra en un  fichero de actividad del servidor debidamente inscrito que permite el  posterior procesamiento de los datos con el fin de obtener mediciones  \u00fanicamente estad\u00edsticas que permitan conocer el n\u00famero de impresiones de  p\u00e1ginas, el n\u00famero de visitas realizadas a los servidores web, el orden  de visitas, el punto de acceso, etc.<\/p>\n<p><strong>4. LEY APLICABLE Y JURISDICCI\u00d3N<\/strong><\/p>\n<p>Para la resoluci\u00f3n de todas las controversias o cuestiones  relacionadas con el presente sitio web o de las actividades en \u00e9l  desarrolladas, ser\u00e1 de aplicaci\u00f3n la legislaci\u00f3n espa\u00f1ola, a la que se  someten expresamente las partes, siendo competentes para la resoluci\u00f3n  de todos los conflictos derivados o relacionados con su uso los Juzgados  y Tribunales m\u00e1s cercanos a Sant Josep de Sa Talaia.<\/p>\n[\/vc_column_text][\/vc_column][\/vc_row]\n","protected":false},"excerpt":{"rendered":"<p>[vc_row type=\u00bbin_container\u00bb full_screen_row_position=\u00bbmiddle\u00bb column_margin=\u00bbdefault\u00bb column_direction=\u00bbdefault\u00bb column_direction_tablet=\u00bbdefault\u00bb column_direction_phone=\u00bbdefault\u00bb scene_position=\u00bbcenter\u00bb top_padding=\u00bb50&#8243; text_color=\u00bbdark\u00bb text_align=\u00bbleft\u00bb row_border_radius=\u00bbnone\u00bb row_border_radius_applies=\u00bbbg\u00bb overflow=\u00bbvisible\u00bb overlay_strength=\u00bb0.3&#8243; gradient_direction=\u00bbleft_to_right\u00bb shape_divider_position=\u00bbbottom\u00bb bg_image_animation=\u00bbnone\u00bb gradient_type=\u00bbdefault\u00bb shape_type=\u00bb\u00bb][vc_column column_padding=\u00bbno-extra-padding\u00bb column_padding_tablet=\u00bbinherit\u00bb column_padding_phone=\u00bbinherit\u00bb column_padding_position=\u00bball\u00bb column_element_direction_desktop=\u00bbdefault\u00bb column_element_spacing=\u00bbdefault\u00bb desktop_text_alignment=\u00bbdefault\u00bb tablet_text_alignment=\u00bbdefault\u00bb phone_text_alignment=\u00bbdefault\u00bb background_color_opacity=\u00bb1&#8243;&#8230;<\/p>\n","protected":false},"author":1,"featured_media":0,"parent":0,"menu_order":0,"comment_status":"closed","ping_status":"closed","template":"","meta":{"_joinchat":[],"footnotes":""},"class_list":["post-208","page","type-page","status-publish"],"yoast_head":"<!-- This site is optimized with the Yoast SEO plugin v24.0 - https:\/\/yoast.com\/wordpress\/plugins\/seo\/ -->\n<title>Aviso legal - starboatsibiza<\/title>\n<meta name=\"robots\" content=\"index, follow, max-snippet:-1, max-image-preview:large, max-video-preview:-1\" \/>\n<link rel=\"canonical\" href=\"https:\/\/www.starboatsibiza.com\/es\/aviso-legal\/\" \/>\n<meta property=\"og:locale\" content=\"es_ES\" \/>\n<meta property=\"og:type\" content=\"article\" \/>\n<meta property=\"og:title\" content=\"Aviso legal - starboatsibiza\" \/>\n<meta property=\"og:description\" content=\"[vc_row type=\u00bbin_container\u00bb full_screen_row_position=\u00bbmiddle\u00bb column_margin=\u00bbdefault\u00bb column_direction=\u00bbdefault\u00bb column_direction_tablet=\u00bbdefault\u00bb column_direction_phone=\u00bbdefault\u00bb scene_position=\u00bbcenter\u00bb top_padding=\u00bb50&#8243; text_color=\u00bbdark\u00bb text_align=\u00bbleft\u00bb row_border_radius=\u00bbnone\u00bb row_border_radius_applies=\u00bbbg\u00bb overflow=\u00bbvisible\u00bb overlay_strength=\u00bb0.3&#8243; gradient_direction=\u00bbleft_to_right\u00bb shape_divider_position=\u00bbbottom\u00bb bg_image_animation=\u00bbnone\u00bb gradient_type=\u00bbdefault\u00bb shape_type=\u00bb\u00bb][vc_column column_padding=\u00bbno-extra-padding\u00bb column_padding_tablet=\u00bbinherit\u00bb column_padding_phone=\u00bbinherit\u00bb column_padding_position=\u00bball\u00bb column_element_direction_desktop=\u00bbdefault\u00bb column_element_spacing=\u00bbdefault\u00bb desktop_text_alignment=\u00bbdefault\u00bb tablet_text_alignment=\u00bbdefault\u00bb phone_text_alignment=\u00bbdefault\u00bb background_color_opacity=\u00bb1&#8243;...\" \/>\n<meta property=\"og:url\" content=\"https:\/\/www.starboatsibiza.com\/es\/aviso-legal\/\" \/>\n<meta property=\"og:site_name\" content=\"starboatsibiza\" \/>\n<meta property=\"article:publisher\" content=\"https:\/\/www.facebook.com\/STAR-BOATS-314690242012360\" \/>\n<meta property=\"og:image\" content=\"https:\/\/www.starboatsibiza.com\/wp-content\/uploads\/2023\/06\/starboats-ibiza0013.jpg\" \/>\n\t<meta property=\"og:image:width\" content=\"1600\" \/>\n\t<meta property=\"og:image:height\" content=\"1067\" \/>\n\t<meta property=\"og:image:type\" content=\"image\/jpeg\" \/>\n<meta name=\"twitter:card\" content=\"summary_large_image\" \/>\n<script type=\"application\/ld+json\" class=\"yoast-schema-graph\">{\"@context\":\"https:\/\/schema.org\",\"@graph\":[{\"@type\":\"WebPage\",\"@id\":\"https:\/\/www.starboatsibiza.com\/es\/aviso-legal\/\",\"url\":\"https:\/\/www.starboatsibiza.com\/es\/aviso-legal\/\",\"name\":\"Aviso legal - starboatsibiza\",\"isPartOf\":{\"@id\":\"https:\/\/www.starboatsibiza.com\/#website\"},\"datePublished\":\"2023-05-09T15:17:06+00:00\",\"dateModified\":\"2023-05-09T15:17:06+00:00\",\"breadcrumb\":{\"@id\":\"https:\/\/www.starboatsibiza.com\/es\/aviso-legal\/#breadcrumb\"},\"inLanguage\":\"es\",\"potentialAction\":[{\"@type\":\"ReadAction\",\"target\":[\"https:\/\/www.starboatsibiza.com\/es\/aviso-legal\/\"]}]},{\"@type\":\"BreadcrumbList\",\"@id\":\"https:\/\/www.starboatsibiza.com\/es\/aviso-legal\/#breadcrumb\",\"itemListElement\":[{\"@type\":\"ListItem\",\"position\":1,\"name\":\"Portada\",\"item\":\"https:\/\/www.starboatsibiza.com\/es\/\"},{\"@type\":\"ListItem\",\"position\":2,\"name\":\"Aviso legal\"}]},{\"@type\":\"WebSite\",\"@id\":\"https:\/\/www.starboatsibiza.com\/#website\",\"url\":\"https:\/\/www.starboatsibiza.com\/\",\"name\":\"starboatsibiza.com\",\"description\":\"Alquiler de barcos sin licencia en Ibiza\",\"publisher\":{\"@id\":\"https:\/\/www.starboatsibiza.com\/#organization\"},\"alternateName\":\"Star Boats Ibiza\",\"potentialAction\":[{\"@type\":\"SearchAction\",\"target\":{\"@type\":\"EntryPoint\",\"urlTemplate\":\"https:\/\/www.starboatsibiza.com\/?s={search_term_string}\"},\"query-input\":{\"@type\":\"PropertyValueSpecification\",\"valueRequired\":true,\"valueName\":\"search_term_string\"}}],\"inLanguage\":\"es\"},{\"@type\":\"Organization\",\"@id\":\"https:\/\/www.starboatsibiza.com\/#organization\",\"name\":\"starboatsibiza.com\",\"url\":\"https:\/\/www.starboatsibiza.com\/\",\"logo\":{\"@type\":\"ImageObject\",\"inLanguage\":\"es\",\"@id\":\"https:\/\/www.starboatsibiza.com\/#\/schema\/logo\/image\/\",\"url\":\"https:\/\/www.starboatsibiza.com\/wp-content\/uploads\/2023\/06\/StarboatsLogojpg.jpg\",\"contentUrl\":\"https:\/\/www.starboatsibiza.com\/wp-content\/uploads\/2023\/06\/StarboatsLogojpg.jpg\",\"width\":1468,\"height\":355,\"caption\":\"starboatsibiza.com\"},\"image\":{\"@id\":\"https:\/\/www.starboatsibiza.com\/#\/schema\/logo\/image\/\"},\"sameAs\":[\"https:\/\/www.facebook.com\/STAR-BOATS-314690242012360\",\"https:\/\/www.instagram.com\/star_boats_ibiza\/\"]}]}<\/script>\n<!-- \/ Yoast SEO plugin. -->","yoast_head_json":{"title":"Aviso legal - starboatsibiza","robots":{"index":"index","follow":"follow","max-snippet":"max-snippet:-1","max-image-preview":"max-image-preview:large","max-video-preview":"max-video-preview:-1"},"canonical":"https:\/\/www.starboatsibiza.com\/es\/aviso-legal\/","og_locale":"es_ES","og_type":"article","og_title":"Aviso legal - starboatsibiza","og_description":"[vc_row type=\u00bbin_container\u00bb full_screen_row_position=\u00bbmiddle\u00bb column_margin=\u00bbdefault\u00bb column_direction=\u00bbdefault\u00bb column_direction_tablet=\u00bbdefault\u00bb column_direction_phone=\u00bbdefault\u00bb scene_position=\u00bbcenter\u00bb top_padding=\u00bb50&#8243; text_color=\u00bbdark\u00bb text_align=\u00bbleft\u00bb row_border_radius=\u00bbnone\u00bb row_border_radius_applies=\u00bbbg\u00bb overflow=\u00bbvisible\u00bb overlay_strength=\u00bb0.3&#8243; gradient_direction=\u00bbleft_to_right\u00bb shape_divider_position=\u00bbbottom\u00bb bg_image_animation=\u00bbnone\u00bb gradient_type=\u00bbdefault\u00bb shape_type=\u00bb\u00bb][vc_column column_padding=\u00bbno-extra-padding\u00bb column_padding_tablet=\u00bbinherit\u00bb column_padding_phone=\u00bbinherit\u00bb column_padding_position=\u00bball\u00bb column_element_direction_desktop=\u00bbdefault\u00bb column_element_spacing=\u00bbdefault\u00bb desktop_text_alignment=\u00bbdefault\u00bb tablet_text_alignment=\u00bbdefault\u00bb phone_text_alignment=\u00bbdefault\u00bb background_color_opacity=\u00bb1&#8243;...","og_url":"https:\/\/www.starboatsibiza.com\/es\/aviso-legal\/","og_site_name":"starboatsibiza","article_publisher":"https:\/\/www.facebook.com\/STAR-BOATS-314690242012360","og_image":[{"width":1600,"height":1067,"url":"https:\/\/www.starboatsibiza.com\/wp-content\/uploads\/2023\/06\/starboats-ibiza0013.jpg","type":"image\/jpeg"}],"twitter_card":"summary_large_image","schema":{"@context":"https:\/\/schema.org","@graph":[{"@type":"WebPage","@id":"https:\/\/www.starboatsibiza.com\/es\/aviso-legal\/","url":"https:\/\/www.starboatsibiza.com\/es\/aviso-legal\/","name":"Aviso legal - starboatsibiza","isPartOf":{"@id":"https:\/\/www.starboatsibiza.com\/#website"},"datePublished":"2023-05-09T15:17:06+00:00","dateModified":"2023-05-09T15:17:06+00:00","breadcrumb":{"@id":"https:\/\/www.starboatsibiza.com\/es\/aviso-legal\/#breadcrumb"},"inLanguage":"es","potentialAction":[{"@type":"ReadAction","target":["https:\/\/www.starboatsibiza.com\/es\/aviso-legal\/"]}]},{"@type":"BreadcrumbList","@id":"https:\/\/www.starboatsibiza.com\/es\/aviso-legal\/#breadcrumb","itemListElement":[{"@type":"ListItem","position":1,"name":"Portada","item":"https:\/\/www.starboatsibiza.com\/es\/"},{"@type":"ListItem","position":2,"name":"Aviso legal"}]},{"@type":"WebSite","@id":"https:\/\/www.starboatsibiza.com\/#website","url":"https:\/\/www.starboatsibiza.com\/","name":"starboatsibiza.com","description":"Alquiler de barcos sin licencia en Ibiza","publisher":{"@id":"https:\/\/www.starboatsibiza.com\/#organization"},"alternateName":"Star Boats Ibiza","potentialAction":[{"@type":"SearchAction","target":{"@type":"EntryPoint","urlTemplate":"https:\/\/www.starboatsibiza.com\/?s={search_term_string}"},"query-input":{"@type":"PropertyValueSpecification","valueRequired":true,"valueName":"search_term_string"}}],"inLanguage":"es"},{"@type":"Organization","@id":"https:\/\/www.starboatsibiza.com\/#organization","name":"starboatsibiza.com","url":"https:\/\/www.starboatsibiza.com\/","logo":{"@type":"ImageObject","inLanguage":"es","@id":"https:\/\/www.starboatsibiza.com\/#\/schema\/logo\/image\/","url":"https:\/\/www.starboatsibiza.com\/wp-content\/uploads\/2023\/06\/StarboatsLogojpg.jpg","contentUrl":"https:\/\/www.starboatsibiza.com\/wp-content\/uploads\/2023\/06\/StarboatsLogojpg.jpg","width":1468,"height":355,"caption":"starboatsibiza.com"},"image":{"@id":"https:\/\/www.starboatsibiza.com\/#\/schema\/logo\/image\/"},"sameAs":["https:\/\/www.facebook.com\/STAR-BOATS-314690242012360","https:\/\/www.instagram.com\/star_boats_ibiza\/"]}]}},"_links":{"self":[{"href":"https:\/\/www.starboatsibiza.com\/es\/wp-json\/wp\/v2\/pages\/208","targetHints":{"allow":["GET"]}}],"collection":[{"href":"https:\/\/www.starboatsibiza.com\/es\/wp-json\/wp\/v2\/pages"}],"about":[{"href":"https:\/\/www.starboatsibiza.com\/es\/wp-json\/wp\/v2\/types\/page"}],"author":[{"embeddable":true,"href":"https:\/\/www.starboatsibiza.com\/es\/wp-json\/wp\/v2\/users\/1"}],"replies":[{"embeddable":true,"href":"https:\/\/www.starboatsibiza.com\/es\/wp-json\/wp\/v2\/comments?post=208"}],"version-history":[{"count":0,"href":"https:\/\/www.starboatsibiza.com\/es\/wp-json\/wp\/v2\/pages\/208\/revisions"}],"wp:attachment":[{"href":"https:\/\/www.starboatsibiza.com\/es\/wp-json\/wp\/v2\/media?parent=208"}],"curies":[{"name":"wp","href":"https:\/\/api.w.org\/{rel}","templated":true}]}}